{"id":1294,"date":"2024-10-08T22:58:56","date_gmt":"2024-10-08T22:58:56","guid":{"rendered":"https:\/\/ahfinstitute.org\/grupo-de-trabajo-del-instituto-ahf-ante-el-g20"},"modified":"2026-02-09T08:33:30","modified_gmt":"2026-02-09T08:33:30","slug":"grupo-de-trabajo-del-instituto-ahf-ante-el-g20","status":"publish","type":"page","link":"https:\/\/ahfinstitute.org\/es\/grupo-de-trabajo-del-instituto-ahf-ante-el-g20","title":{"rendered":"Grupo de Trabajo del Instituto AHF ante el G20"},"content":{"rendered":"\t\t<div data-elementor-type=\"wp-page\" data-elementor-id=\"1294\" class=\"elementor elementor-1294 elementor-719\" data-elementor-post-type=\"page\">\n\t\t\t\t\t\t<section class=\"elementor-section elementor-top-section elementor-element elementor-element-4dccb885 elementor-section-height-min-height elementor-section-boxed elementor-section-height-default elementor-section-items-middle\" data-id=\"4dccb885\" data-element_type=\"section\" data-e-type=\"section\" data-settings=\"{&quot;background_background&quot;:&quot;classic&quot;}\">\n\t\t\t\t\t\t<div class=\"elementor-container elementor-column-gap-default\">\n\t\t\t\t\t<div class=\"elementor-column elementor-col-100 elementor-top-column elementor-element elementor-element-49de0014\" data-id=\"49de0014\" data-element_type=\"column\" data-e-type=\"column\">\n\t\t\t<div class=\"elementor-widget-wrap\">\n\t\t\t\t\t\t\t<\/div>\n\t\t<\/div>\n\t\t\t\t\t<\/div>\n\t\t<\/section>\n\t\t\t\t<section class=\"elementor-section elementor-top-section elementor-element elementor-element-429711ad elementor-section-boxed elementor-section-height-default elementor-section-height-default\" data-id=\"429711ad\" data-element_type=\"section\" data-e-type=\"section\" data-settings=\"{&quot;background_background&quot;:&quot;classic&quot;}\">\n\t\t\t\t\t\t<div class=\"elementor-container elementor-column-gap-default\">\n\t\t\t\t\t<div class=\"elementor-column elementor-col-50 elementor-top-column elementor-element elementor-element-cfb2914 elementor-hidden-tablet elementor-hidden-mobile\" data-id=\"cfb2914\" data-element_type=\"column\" data-e-type=\"column\">\n\t\t\t<div class=\"elementor-widget-wrap\">\n\t\t\t\t\t\t\t<\/div>\n\t\t<\/div>\n\t\t\t\t<div class=\"elementor-column elementor-col-50 elementor-top-column elementor-element elementor-element-2740ad42\" data-id=\"2740ad42\" data-element_type=\"column\" data-e-type=\"column\" data-settings=\"{&quot;background_background&quot;:&quot;classic&quot;}\">\n\t\t\t<div class=\"elementor-widget-wrap elementor-element-populated\">\n\t\t\t\t\t\t<div class=\"elementor-element elementor-element-5f2fa37e elementor-widget-mobile__width-inherit elementor-widget elementor-widget-heading\" data-id=\"5f2fa37e\" data-element_type=\"widget\" data-e-type=\"widget\" data-widget_type=\"heading.default\">\n\t\t\t\t<div class=\"elementor-widget-container\">\n\t\t\t\t\t<h1 class=\"elementor-heading-title elementor-size-default\">Grupo de Trabajo del Instituto AHF ante el G20<\/h1>\t\t\t\t<\/div>\n\t\t\t\t<\/div>\n\t\t\t\t\t<\/div>\n\t\t<\/div>\n\t\t\t\t\t<\/div>\n\t\t<\/section>\n\t\t\t\t<section class=\"elementor-section elementor-top-section elementor-element elementor-element-6bb3e22 elementor-section-full_width elementor-section-height-default elementor-section-height-default\" data-id=\"6bb3e22\" data-element_type=\"section\" data-e-type=\"section\">\n\t\t\t\t\t\t<div class=\"elementor-container elementor-column-gap-default\">\n\t\t\t\t\t<div class=\"elementor-column elementor-col-50 elementor-top-column elementor-element elementor-element-8af589b\" data-id=\"8af589b\" data-element_type=\"column\" data-e-type=\"column\" data-settings=\"{&quot;background_background&quot;:&quot;classic&quot;}\">\n\t\t\t<div class=\"elementor-widget-wrap elementor-element-populated\">\n\t\t\t\t\t\t<div class=\"elementor-element elementor-element-2cb3edc elementor-widget elementor-widget-heading\" data-id=\"2cb3edc\" data-element_type=\"widget\" data-e-type=\"widget\" data-widget_type=\"heading.default\">\n\t\t\t\t<div class=\"elementor-widget-container\">\n\t\t\t\t\t<h2 class=\"elementor-heading-title elementor-size-default\">Participaci\u00f3n en el G20<\/h2>\t\t\t\t<\/div>\n\t\t\t\t<\/div>\n\t\t\t\t<div class=\"elementor-element elementor-element-8a236b9 elementor-widget elementor-widget-text-editor\" data-id=\"8a236b9\" data-element_type=\"widget\" data-e-type=\"widget\" data-widget_type=\"text-editor.default\">\n\t\t\t\t<div class=\"elementor-widget-container\">\n\t\t\t\t\t\t\t\t\tEl Instituto AHF de Salud P\u00fablica Global participa activamente en el proceso del G20 a trav\u00e9s de su intervenci\u00f3n en los foros paralelos del Think 20 (T20) y el Civil Society 20 (C20). El G20 es un foro internacional que re\u00fane a las principales econom\u00edas del mundo \u201419 pa\u00edses y la Uni\u00f3n Europea\u2014 con el prop\u00f3sito de abordar los <strong>desaf\u00edos econ\u00f3micos globales m\u00e1s importantes<\/strong> y promover la estabilidad financiera internacional. \t\t\t\t\t\t\t\t<\/div>\n\t\t\t\t<\/div>\n\t\t\t\t\t<\/div>\n\t\t<\/div>\n\t\t\t\t<div class=\"elementor-column elementor-col-50 elementor-top-column elementor-element elementor-element-6341e35\" data-id=\"6341e35\" data-element_type=\"column\" data-e-type=\"column\" data-settings=\"{&quot;background_background&quot;:&quot;classic&quot;}\">\n\t\t\t<div class=\"elementor-widget-wrap elementor-element-populated\">\n\t\t\t\t\t\t<div class=\"elementor-element elementor-element-39dd6ed elementor-widget elementor-widget-heading\" data-id=\"39dd6ed\" data-element_type=\"widget\" data-e-type=\"widget\" data-widget_type=\"heading.default\">\n\t\t\t\t<div class=\"elementor-widget-container\">\n\t\t\t\t\t<h3 class=\"elementor-heading-title elementor-size-default\">Participaci\u00f3n en el T20\n<\/h3>\t\t\t\t<\/div>\n\t\t\t\t<\/div>\n\t\t\t\t<div class=\"elementor-element elementor-element-4c8ac50 elementor-widget elementor-widget-text-editor\" data-id=\"4c8ac50\" data-element_type=\"widget\" data-e-type=\"widget\" data-widget_type=\"text-editor.default\">\n\t\t\t\t<div class=\"elementor-widget-container\">\n\t\t\t\t\t\t\t\t\tRepresentado por Guilherme F. Faviero, Esq., Director del Instituto AHF de Salud P\u00fablica Global en la Universidad de Miami, nuestro instituto form\u00f3 parte del grupo de trabajo sobre Lucha contra las Desigualdades, la Pobreza y el Hambre. Nuestro trabajo se centr\u00f3 en promover la cobertura universal de salud, la salud digital y la innovaci\u00f3n abierta como herramientas para combatir las desigualdades. Junto con investigadores de Italia y Brasil, nuestro subgrupo present\u00f3 propuestas para reducir las desigualdades en salud y garantizar la cobertura sanitaria universal, aprovechando las tecnolog\u00edas digitales y la innovaci\u00f3n abierta para cerrar las brechas en el acceso y la calidad de la atenci\u00f3n m\u00e9dica.  \t\t\t\t\t\t\t\t<\/div>\n\t\t\t\t<\/div>\n\t\t\t\t\t<\/div>\n\t\t<\/div>\n\t\t\t\t\t<\/div>\n\t\t<\/section>\n\t\t\t\t<section class=\"elementor-section elementor-top-section elementor-element elementor-element-1f17b96 elementor-section-boxed elementor-section-height-default elementor-section-height-default\" data-id=\"1f17b96\" data-element_type=\"section\" data-e-type=\"section\" data-settings=\"{&quot;background_background&quot;:&quot;classic&quot;}\">\n\t\t\t\t\t\t<div class=\"elementor-container elementor-column-gap-default\">\n\t\t\t\t\t<div class=\"elementor-column elementor-col-100 elementor-top-column elementor-element elementor-element-b413777\" data-id=\"b413777\" data-element_type=\"column\" data-e-type=\"column\">\n\t\t\t<div class=\"elementor-widget-wrap elementor-element-populated\">\n\t\t\t\t\t\t<div class=\"elementor-element elementor-element-610939b elementor-hidden-tablet elementor-hidden-mobile elementor-widget elementor-widget-html\" data-id=\"610939b\" data-element_type=\"widget\" data-e-type=\"widget\" data-widget_type=\"html.default\">\n\t\t\t\t<div class=\"elementor-widget-container\">\n\t\t\t\t\t<iframe src=\"https:\/\/ahfinstitute.org\/wp-content\/uploads\/2024\/10\/T20_Communique_A5_Digital.pdf#zoom=250#zoom=200\" width=\"100%\" height=\"800px\" style=\"border: none;\"><\/iframe>\n\t\t\t\t<\/div>\n\t\t\t\t<\/div>\n\t\t\t\t<div class=\"elementor-element elementor-element-8938f44 elementor-hidden-desktop elementor-hidden-mobile elementor-widget elementor-widget-html\" data-id=\"8938f44\" data-element_type=\"widget\" data-e-type=\"widget\" data-widget_type=\"html.default\">\n\t\t\t\t<div class=\"elementor-widget-container\">\n\t\t\t\t\t<iframe src=\"https:\/\/ahfinstitute.org\/wp-content\/uploads\/2024\/10\/T20_Communique_A5_Digital.pdf#zoom=100#zoom=200\" width=\"100%\" height=\"600px\" style=\"border: none;\"><\/iframe>\n\t\t\t\t<\/div>\n\t\t\t\t<\/div>\n\t\t\t\t<div class=\"elementor-element elementor-element-71685e5 elementor-hidden-desktop elementor-hidden-tablet elementor-widget elementor-widget-html\" data-id=\"71685e5\" data-element_type=\"widget\" data-e-type=\"widget\" data-widget_type=\"html.default\">\n\t\t\t\t<div class=\"elementor-widget-container\">\n\t\t\t\t\t<iframe src=\"https:\/\/docs.google.com\/gview?url=https:\/\/ahfinstitute.org\/wp-content\/uploads\/2024\/10\/T20_Communique_A5_Digital.pdf&amp;embedded=true\" width=\"100%\" height=\"500px\"><\/iframe>\r\n\t\t\t\t<\/div>\n\t\t\t\t<\/div>\n\t\t\t\t\t<\/div>\n\t\t<\/div>\n\t\t\t\t\t<\/div>\n\t\t<\/section>\n\t\t\t\t<section class=\"elementor-section elementor-top-section elementor-element elementor-element-475e577 elementor-section-full_width elementor-section-height-default elementor-section-height-default\" data-id=\"475e577\" data-element_type=\"section\" data-e-type=\"section\">\n\t\t\t\t\t\t<div class=\"elementor-container elementor-column-gap-default\">\n\t\t\t\t\t<div class=\"elementor-column elementor-col-50 elementor-top-column elementor-element elementor-element-1403b2d\" data-id=\"1403b2d\" data-element_type=\"column\" data-e-type=\"column\" data-settings=\"{&quot;background_background&quot;:&quot;classic&quot;}\">\n\t\t\t<div class=\"elementor-widget-wrap elementor-element-populated\">\n\t\t\t\t\t\t<div class=\"elementor-element elementor-element-37448a2 elementor-widget elementor-widget-image\" data-id=\"37448a2\" data-element_type=\"widget\" data-e-type=\"widget\" data-widget_type=\"image.default\">\n\t\t\t\t<div class=\"elementor-widget-container\">\n\t\t\t\t\t\t\t\t\t\t\t\t\t\t\t<img fetchpriority=\"high\" decoding=\"async\" width=\"700\" height=\"1080\" src=\"https:\/\/ahfinstitute.org\/wp-content\/uploads\/2024\/12\/TASKFORCE-G20-PIC1.jpg\" class=\"attachment-2048x2048 size-2048x2048 wp-image-1291\" alt=\"\" srcset=\"https:\/\/ahfinstitute.org\/wp-content\/uploads\/2024\/12\/TASKFORCE-G20-PIC1.jpg 700w, https:\/\/ahfinstitute.org\/wp-content\/uploads\/2024\/12\/TASKFORCE-G20-PIC1-194x300.jpg 194w, https:\/\/ahfinstitute.org\/wp-content\/uploads\/2024\/12\/TASKFORCE-G20-PIC1-664x1024.jpg 664w\" sizes=\"(max-width: 700px) 100vw, 700px\" \/>\t\t\t\t\t\t\t\t\t\t\t\t\t\t\t<\/div>\n\t\t\t\t<\/div>\n\t\t\t\t\t<\/div>\n\t\t<\/div>\n\t\t\t\t<div class=\"elementor-column elementor-col-50 elementor-top-column elementor-element elementor-element-4ba4a33\" data-id=\"4ba4a33\" data-element_type=\"column\" data-e-type=\"column\" data-settings=\"{&quot;background_background&quot;:&quot;classic&quot;}\">\n\t\t\t<div class=\"elementor-widget-wrap elementor-element-populated\">\n\t\t\t\t\t\t<div class=\"elementor-element elementor-element-e2a51c6 elementor-widget elementor-widget-heading\" data-id=\"e2a51c6\" data-element_type=\"widget\" data-e-type=\"widget\" data-widget_type=\"heading.default\">\n\t\t\t\t<div class=\"elementor-widget-container\">\n\t\t\t\t\t<h3 class=\"elementor-heading-title elementor-size-default\">Participaci\u00f3n en el C20<\/h3>\t\t\t\t<\/div>\n\t\t\t\t<\/div>\n\t\t\t\t<div class=\"elementor-element elementor-element-a48a169 elementor-widget elementor-widget-text-editor\" data-id=\"a48a169\" data-element_type=\"widget\" data-e-type=\"widget\" data-widget_type=\"text-editor.default\">\n\t\t\t\t<div class=\"elementor-widget-container\">\n\t\t\t\t\t\t\t\t\tEl Instituto AHF tambi\u00e9n estuvo representado en el C20 como miembro del grupo de trabajo Salud Integrada para Todos (Integrated Health for All Task Force), donde colaboramos con otras organizaciones de la sociedad civil para abogar por la adopci\u00f3n de medidas concretas y vinculantes que garanticen el acceso equitativo y oportuno a las tecnolog\u00edas de salud a nivel global. \t\t\t\t\t\t\t\t<\/div>\n\t\t\t\t<\/div>\n\t\t\t\t<div class=\"elementor-element elementor-element-8de6b19 elementor-widget elementor-widget-text-editor\" data-id=\"8de6b19\" data-element_type=\"widget\" data-e-type=\"widget\" data-widget_type=\"text-editor.default\">\n\t\t\t\t<div class=\"elementor-widget-container\">\n\t\t\t\t\t\t\t\t\tEsto incluye:<br>Condicionalidades de acceso exigibles en los mecanismos de financiamiento para asegurar la equidad en salud global.<br>Abstenerse de ejercer presi\u00f3n sobre los pa\u00edses que utilicen las flexibilidades del Acuerdo sobre los ADPIC (TRIPS).<br>Apoyar exenciones temporales de propiedad intelectual durante las pandemias.<br>Crear un Sistema Equitativo de Acceso y Reparto de Beneficios de Pat\u00f3genos (PABS).<br>Tambi\u00e9n destacamos la importancia de la participaci\u00f3n significativa de la sociedad civil en la toma de decisiones sobre salud global, as\u00ed como la adopci\u00f3n de medidas para combatir las pandemias y epidemias, fortaleciendo la capacidad de los pa\u00edses de ingresos bajos y medios (LMICs) para contener brotes desde su origen.  \t\t\t\t\t\t\t\t<\/div>\n\t\t\t\t<\/div>\n\t\t\t\t\t<\/div>\n\t\t<\/div>\n\t\t\t\t\t<\/div>\n\t\t<\/section>\n\t\t\t\t<section class=\"elementor-section elementor-top-section elementor-element elementor-element-1171c2a elementor-section-boxed elementor-section-height-default elementor-section-height-default\" data-id=\"1171c2a\" data-element_type=\"section\" data-e-type=\"section\" data-settings=\"{&quot;background_background&quot;:&quot;classic&quot;}\">\n\t\t\t\t\t\t<div class=\"elementor-container elementor-column-gap-default\">\n\t\t\t\t\t<div class=\"elementor-column elementor-col-100 elementor-top-column elementor-element elementor-element-d1a4254\" data-id=\"d1a4254\" data-element_type=\"column\" data-e-type=\"column\">\n\t\t\t<div class=\"elementor-widget-wrap elementor-element-populated\">\n\t\t\t\t\t\t<div class=\"elementor-element elementor-element-8fb9675 elementor-widget elementor-widget-image\" data-id=\"8fb9675\" data-element_type=\"widget\" data-e-type=\"widget\" data-widget_type=\"image.default\">\n\t\t\t\t<div class=\"elementor-widget-container\">\n\t\t\t\t\t\t\t\t\t\t\t\t\t\t\t<img decoding=\"async\" width=\"800\" height=\"173\" src=\"https:\/\/ahfinstitute.org\/wp-content\/uploads\/2024\/10\/image-35-.png\" class=\"attachment-large size-large wp-image-1292\" alt=\"\" srcset=\"https:\/\/ahfinstitute.org\/wp-content\/uploads\/2024\/10\/image-35-.png 1000w, https:\/\/ahfinstitute.org\/wp-content\/uploads\/2024\/10\/image-35--300x65.png 300w, https:\/\/ahfinstitute.org\/wp-content\/uploads\/2024\/10\/image-35--768x166.png 768w\" sizes=\"(max-width: 800px) 100vw, 800px\" \/>\t\t\t\t\t\t\t\t\t\t\t\t\t\t\t<\/div>\n\t\t\t\t<\/div>\n\t\t\t\t\t<\/div>\n\t\t<\/div>\n\t\t\t\t\t<\/div>\n\t\t<\/section>\n\t\t\t\t<section class=\"elementor-section elementor-top-section elementor-element elementor-element-b7841f8 elementor-section-full_width elementor-reverse-tablet elementor-reverse-mobile elementor-hidden-desktop elementor-hidden-tablet elementor-hidden-mobile elementor-section-height-default elementor-section-height-default\" data-id=\"b7841f8\" data-element_type=\"section\" data-e-type=\"section\">\n\t\t\t\t\t\t<div class=\"elementor-container elementor-column-gap-default\">\n\t\t\t\t\t<div class=\"elementor-column elementor-col-50 elementor-top-column elementor-element elementor-element-61e5242\" data-id=\"61e5242\" data-element_type=\"column\" data-e-type=\"column\" data-settings=\"{&quot;background_background&quot;:&quot;classic&quot;}\">\n\t\t\t<div class=\"elementor-widget-wrap elementor-element-populated\">\n\t\t\t\t\t\t<div class=\"elementor-element elementor-element-27d0c41 elementor-widget elementor-widget-heading\" data-id=\"27d0c41\" data-element_type=\"widget\" data-e-type=\"widget\" data-widget_type=\"heading.default\">\n\t\t\t\t<div class=\"elementor-widget-container\">\n\t\t\t\t\t<h3 class=\"elementor-heading-title elementor-size-default\">CDC de Am\u00e9rica Latina<\/h3>\t\t\t\t<\/div>\n\t\t\t\t<\/div>\n\t\t\t\t<div class=\"elementor-element elementor-element-2e6caed elementor-widget elementor-widget-text-editor\" data-id=\"2e6caed\" data-element_type=\"widget\" data-e-type=\"widget\" data-widget_type=\"text-editor.default\">\n\t\t\t\t<div class=\"elementor-widget-container\">\n\t\t\t\t\t\t\t\t\tAm\u00e9rica Latina, fuertemente afectada por crisis sanitarias mundiales como la COVID-19, necesita un sistema de respuesta m\u00e1s coordinado. A pesar de contar con solo el 8.2% de la poblaci\u00f3n mundial, la regi\u00f3n registr\u00f3 80 millones de casos de COVID-19 y 1.7 millones de muertes. Las respuestas nacionales fragmentadas y la falta de cooperaci\u00f3n regional agravaron estos desaf\u00edos.   \t\t\t\t\t\t\t\t<\/div>\n\t\t\t\t<\/div>\n\t\t\t\t<div class=\"elementor-element elementor-element-77f9b09 elementor-widget elementor-widget-text-editor\" data-id=\"77f9b09\" data-element_type=\"widget\" data-e-type=\"widget\" data-widget_type=\"text-editor.default\">\n\t\t\t\t<div class=\"elementor-widget-container\">\n\t\t\t\t\t\t\t\t\tLa investigaci\u00f3n y el an\u00e1lisis han puesto de relieve la necesidad urgente de una mejor coordinaci\u00f3n entre las respuestas de salud p\u00fablica en la regi\u00f3n. El Instituto Global de Salud P\u00fablica de AHF para Am\u00e9rica Latina y el Caribe ha estado trabajando con instituciones acad\u00e9micas y expertos en salud p\u00fablica en propuestas que puedan fortalecer la arquitectura sanitaria regional. Estas colaboraciones llevaron a la publicaci\u00f3n de un comentario en la prestigiosa The Lancet en el que se pide la creaci\u00f3n de un Centro Regional Latinoamericano para el Control y la Prevenci\u00f3n de Enfermedades (CDC de ALC).   \t\t\t\t\t\t\t\t<\/div>\n\t\t\t\t<\/div>\n\t\t\t\t<div class=\"elementor-element elementor-element-7846404 elementor-widget elementor-widget-text-editor\" data-id=\"7846404\" data-element_type=\"widget\" data-e-type=\"widget\" data-widget_type=\"text-editor.default\">\n\t\t\t\t<div class=\"elementor-widget-container\">\n\t\t\t\t\t\t\t\t\t<p>El LATAM CDC propuesto busca abordar estos problemas mediante el fortalecimiento de la coordinaci\u00f3n regional y el intercambio de recursos. Este centro facilitar\u00eda la cooperaci\u00f3n entre pa\u00edses, mejorar\u00eda la vigilancia de enfermedades y estandarizar\u00eda las pr\u00e1cticas de salud p\u00fablica. Al involucrar a diversos actores \u2014desde gobiernos hasta la sociedad civil\u2014, el LATAM CDC fortalecer\u00eda los sistemas de salud y garantizar\u00eda respuestas oportunas ante emergencias sanitarias, protegiendo en \u00faltima instancia la salud p\u00fablica en toda la regi\u00f3n.  <\/p>\t\t\t\t\t\t\t\t<\/div>\n\t\t\t\t<\/div>\n\t\t\t\t\t<\/div>\n\t\t<\/div>\n\t\t\t\t<div class=\"elementor-column elementor-col-50 elementor-top-column elementor-element elementor-element-3e38fd1\" data-id=\"3e38fd1\" data-element_type=\"column\" data-e-type=\"column\" data-settings=\"{&quot;background_background&quot;:&quot;classic&quot;}\">\n\t\t\t<div class=\"elementor-widget-wrap elementor-element-populated\">\n\t\t\t\t\t\t<div class=\"elementor-element elementor-element-4ed15f8 elementor-widget elementor-widget-image\" data-id=\"4ed15f8\" data-element_type=\"widget\" data-e-type=\"widget\" data-widget_type=\"image.default\">\n\t\t\t\t<div class=\"elementor-widget-container\">\n\t\t\t\t\t\t\t\t\t\t\t\t\t\t\t<img decoding=\"async\" width=\"700\" height=\"1080\" src=\"https:\/\/ahfinstitute.org\/wp-content\/uploads\/2024\/12\/TASKFORCE-G20-PIC2.jpg\" class=\"attachment-full size-full wp-image-1293\" alt=\"\" srcset=\"https:\/\/ahfinstitute.org\/wp-content\/uploads\/2024\/12\/TASKFORCE-G20-PIC2.jpg 700w, https:\/\/ahfinstitute.org\/wp-content\/uploads\/2024\/12\/TASKFORCE-G20-PIC2-194x300.jpg 194w, https:\/\/ahfinstitute.org\/wp-content\/uploads\/2024\/12\/TASKFORCE-G20-PIC2-664x1024.jpg 664w\" sizes=\"(max-width: 700px) 100vw, 700px\" \/>\t\t\t\t\t\t\t\t\t\t\t\t\t\t\t<\/div>\n\t\t\t\t<\/div>\n\t\t\t\t\t<\/div>\n\t\t<\/div>\n\t\t\t\t\t<\/div>\n\t\t<\/section>\n\t\t\t\t<section class=\"elementor-section elementor-top-section elementor-element elementor-element-be0ff00 elementor-section-boxed elementor-section-height-default elementor-section-height-default\" data-id=\"be0ff00\" data-element_type=\"section\" data-e-type=\"section\" data-settings=\"{&quot;background_background&quot;:&quot;classic&quot;}\">\n\t\t\t\t\t\t<div class=\"elementor-container elementor-column-gap-default\">\n\t\t\t\t\t<div class=\"elementor-column elementor-col-100 elementor-top-column elementor-element elementor-element-1cdde1b\" data-id=\"1cdde1b\" data-element_type=\"column\" data-e-type=\"column\">\n\t\t\t<div class=\"elementor-widget-wrap elementor-element-populated\">\n\t\t\t\t\t\t<div class=\"elementor-element elementor-element-7e6513b e-transform elementor-widget elementor-widget-heading\" data-id=\"7e6513b\" data-element_type=\"widget\" data-e-type=\"widget\" data-settings=\"{&quot;_transform_translateX_effect&quot;:{&quot;unit&quot;:&quot;px&quot;,&quot;size&quot;:&quot;&quot;,&quot;sizes&quot;:[]},&quot;_transform_translateX_effect_tablet&quot;:{&quot;unit&quot;:&quot;px&quot;,&quot;size&quot;:&quot;&quot;,&quot;sizes&quot;:[]},&quot;_transform_translateX_effect_mobile&quot;:{&quot;unit&quot;:&quot;px&quot;,&quot;size&quot;:&quot;&quot;,&quot;sizes&quot;:[]},&quot;_transform_translateY_effect&quot;:{&quot;unit&quot;:&quot;px&quot;,&quot;size&quot;:&quot;&quot;,&quot;sizes&quot;:[]},&quot;_transform_translateY_effect_tablet&quot;:{&quot;unit&quot;:&quot;px&quot;,&quot;size&quot;:&quot;&quot;,&quot;sizes&quot;:[]},&quot;_transform_translateY_effect_mobile&quot;:{&quot;unit&quot;:&quot;px&quot;,&quot;size&quot;:&quot;&quot;,&quot;sizes&quot;:[]}}\" data-widget_type=\"heading.default\">\n\t\t\t\t<div class=\"elementor-widget-container\">\n\t\t\t\t\t<h2 class=\"elementor-heading-title elementor-size-default\">Publicaciones seleccionadas\n<\/h2>\t\t\t\t<\/div>\n\t\t\t\t<\/div>\n\t\t\t\t<div class=\"elementor-element elementor-element-24e7ee8 elementor-grid-3 elementor-grid-tablet-2 elementor-grid-mobile-1 elementor-posts--thumbnail-top elementor-card-shadow-yes elementor-posts__hover-gradient elementor-widget elementor-widget-posts\" data-id=\"24e7ee8\" data-element_type=\"widget\" data-e-type=\"widget\" data-settings=\"{&quot;cards_row_gap&quot;:{&quot;unit&quot;:&quot;px&quot;,&quot;size&quot;:30,&quot;sizes&quot;:[]},&quot;cards_columns&quot;:&quot;3&quot;,&quot;cards_columns_tablet&quot;:&quot;2&quot;,&quot;cards_columns_mobile&quot;:&quot;1&quot;,&quot;cards_row_gap_tablet&quot;:{&quot;unit&quot;:&quot;px&quot;,&quot;size&quot;:&quot;&quot;,&quot;sizes&quot;:[]},&quot;cards_row_gap_mobile&quot;:{&quot;unit&quot;:&quot;px&quot;,&quot;size&quot;:&quot;&quot;,&quot;sizes&quot;:[]}}\" data-widget_type=\"posts.cards\">\n\t\t\t\t<div class=\"elementor-widget-container\">\n\t\t\t\t\t\t\t<div class=\"elementor-posts-container elementor-posts elementor-posts--skin-cards elementor-grid\" role=\"list\">\n\t\t\t\t<article class=\"elementor-post elementor-grid-item post-726 post type-post status-publish format-standard has-post-thumbnail hentry category-ahf-institute-taskforce-g20 category-select-publications tag-the-lancet\" role=\"listitem\">\n\t\t\t<div class=\"elementor-post__card\">\n\t\t\t\t<a class=\"elementor-post__thumbnail__link\" href=\"https:\/\/ahfinstitute.org\/es\/why-latin-america-needs-a-regional-centre-for-disease-control-and-prevention\" tabindex=\"-1\" target=\"_blank\"><div class=\"elementor-post__thumbnail\"><img loading=\"lazy\" decoding=\"async\" width=\"800\" height=\"250\" src=\"https:\/\/ahfinstitute.org\/wp-content\/uploads\/2024\/12\/COVER-U-MIAMI-1024x320.jpg\" class=\"attachment-large size-large wp-image-837\" alt=\"\" srcset=\"https:\/\/ahfinstitute.org\/wp-content\/uploads\/2024\/12\/COVER-U-MIAMI-1024x320.jpg 1024w, https:\/\/ahfinstitute.org\/wp-content\/uploads\/2024\/12\/COVER-U-MIAMI-300x94.jpg 300w, https:\/\/ahfinstitute.org\/wp-content\/uploads\/2024\/12\/COVER-U-MIAMI-768x240.jpg 768w, https:\/\/ahfinstitute.org\/wp-content\/uploads\/2024\/12\/COVER-U-MIAMI-1536x480.jpg 1536w, https:\/\/ahfinstitute.org\/wp-content\/uploads\/2024\/12\/COVER-U-MIAMI.jpg 1920w\" sizes=\"(max-width: 800px) 100vw, 800px\" \/><\/div><\/a>\n\t\t\t\t<div class=\"elementor-post__badge\">The Lancet<\/div>\n\t\t\t\t<div class=\"elementor-post__text\">\n\t\t\t\t<h4 class=\"elementor-post__title\">\n\t\t\t<a href=\"https:\/\/ahfinstitute.org\/es\/why-latin-america-needs-a-regional-centre-for-disease-control-and-prevention\" target=&quot;_blank&quot;>\n\t\t\t\tWhy Latin America needs a regional Centre for Disease Control and Prevention\t\t\t<\/a>\n\t\t<\/h4>\n\t\t\n\t\t<a class=\"elementor-post__read-more\" href=\"https:\/\/ahfinstitute.org\/es\/why-latin-america-needs-a-regional-centre-for-disease-control-and-prevention\" aria-label=\"M\u00e1s informaci\u00f3n sobre Why Latin America needs a regional Centre for Disease Control and Prevention\" tabindex=\"-1\" target=\"_blank\">\n\t\t\tLeer M\u00e1s\t\t<\/a>\n\n\t\t\t\t<\/div>\n\t\t\t\t<div class=\"elementor-post__meta-data\">\n\t\t\t\t\t<span class=\"elementor-post-author\">\n\t\t\tPatricia J Garcia, Jorge Saavedra, et al.\t\t<\/span>\n\t\t\t\t<span class=\"elementor-post-date\">\n\t\t\t29 de junio de 2024\t\t<\/span>\n\t\t\t\t<\/div>\n\t\t\t\t\t<\/div>\n\t\t<\/article>\n\t\t\t\t<\/div>\n\t\t\n\t\t\t\t\t\t<\/div>\n\t\t\t\t<\/div>\n\t\t\t\t\t<\/div>\n\t\t<\/div>\n\t\t\t\t\t<\/div>\n\t\t<\/section>\n\t\t\t\t<\/div>\n\t\t","protected":false},"excerpt":{"rendered":"<p>Grupo de Trabajo del Instituto AHF ante el G20 Participaci\u00f3n en el G20 El Instituto AHF de Salud P\u00fablica Global participa activamente en el proceso del G20 a trav\u00e9s de<\/p>\n","protected":false},"author":3,"featured_media":0,"parent":0,"menu_order":0,"comment_status":"closed","ping_status":"closed","template":"","meta":{"footnotes":""},"class_list":["post-1294","page","type-page","status-publish","hentry"],"aioseo_notices":[],"_links":{"self":[{"href":"https:\/\/ahfinstitute.org\/es\/wp-json\/wp\/v2\/pages\/1294","targetHints":{"allow":["GET"]}}],"collection":[{"href":"https:\/\/ahfinstitute.org\/es\/wp-json\/wp\/v2\/pages"}],"about":[{"href":"https:\/\/ahfinstitute.org\/es\/wp-json\/wp\/v2\/types\/page"}],"author":[{"embeddable":true,"href":"https:\/\/ahfinstitute.org\/es\/wp-json\/wp\/v2\/users\/3"}],"replies":[{"embeddable":true,"href":"https:\/\/ahfinstitute.org\/es\/wp-json\/wp\/v2\/comments?post=1294"}],"version-history":[{"count":0,"href":"https:\/\/ahfinstitute.org\/es\/wp-json\/wp\/v2\/pages\/1294\/revisions"}],"wp:attachment":[{"href":"https:\/\/ahfinstitute.org\/es\/wp-json\/wp\/v2\/media?parent=1294"}],"curies":[{"name":"wp","href":"https:\/\/api.w.org\/{rel}","templated":true}]}}