{"id":1333,"date":"2024-10-15T22:19:38","date_gmt":"2024-10-15T22:19:38","guid":{"rendered":"https:\/\/ahfinstitute.org\/fondo-de-secuenciacion-genomica-de-sars-cov-2"},"modified":"2026-02-19T13:08:30","modified_gmt":"2026-02-19T13:08:30","slug":"fondo-de-secuenciacion-genomica-de-sars-cov-2","status":"publish","type":"page","link":"https:\/\/ahfinstitute.org\/es\/fondo-de-secuenciacion-genomica-de-sars-cov-2","title":{"rendered":"Fondo de Secuenciaci\u00f3n Gen\u00f3mica de SARS-CoV-2"},"content":{"rendered":"\t\t<div data-elementor-type=\"wp-page\" data-elementor-id=\"1333\" class=\"elementor elementor-1333 elementor-756\" data-elementor-post-type=\"page\">\n\t\t\t\t\t\t<section class=\"elementor-section elementor-top-section elementor-element elementor-element-381d22d4 elementor-section-height-min-height elementor-section-boxed elementor-section-height-default elementor-section-items-middle\" data-id=\"381d22d4\" data-element_type=\"section\" data-e-type=\"section\" data-settings=\"{&quot;background_background&quot;:&quot;classic&quot;}\">\n\t\t\t\t\t\t<div class=\"elementor-container elementor-column-gap-default\">\n\t\t\t\t\t<div class=\"elementor-column elementor-col-100 elementor-top-column elementor-element elementor-element-39fa76e1\" data-id=\"39fa76e1\" data-element_type=\"column\" data-e-type=\"column\">\n\t\t\t<div class=\"elementor-widget-wrap\">\n\t\t\t\t\t\t\t<\/div>\n\t\t<\/div>\n\t\t\t\t\t<\/div>\n\t\t<\/section>\n\t\t\t\t<section class=\"elementor-section elementor-top-section elementor-element elementor-element-386fcd9c elementor-section-boxed elementor-section-height-default elementor-section-height-default\" data-id=\"386fcd9c\" data-element_type=\"section\" data-e-type=\"section\" data-settings=\"{&quot;background_background&quot;:&quot;classic&quot;}\">\n\t\t\t\t\t\t<div class=\"elementor-container elementor-column-gap-default\">\n\t\t\t\t\t<div class=\"elementor-column elementor-col-50 elementor-top-column elementor-element elementor-element-30f1fef1 elementor-hidden-tablet elementor-hidden-mobile\" data-id=\"30f1fef1\" data-element_type=\"column\" data-e-type=\"column\">\n\t\t\t<div class=\"elementor-widget-wrap\">\n\t\t\t\t\t\t\t<\/div>\n\t\t<\/div>\n\t\t\t\t<div class=\"elementor-column elementor-col-50 elementor-top-column elementor-element elementor-element-65cebfb4\" data-id=\"65cebfb4\" data-element_type=\"column\" data-e-type=\"column\" data-settings=\"{&quot;background_background&quot;:&quot;classic&quot;}\">\n\t\t\t<div class=\"elementor-widget-wrap elementor-element-populated\">\n\t\t\t\t\t\t<div class=\"elementor-element elementor-element-5bbe3da elementor-widget-mobile__width-inherit elementor-widget elementor-widget-heading\" data-id=\"5bbe3da\" data-element_type=\"widget\" data-e-type=\"widget\" data-widget_type=\"heading.default\">\n\t\t\t\t<div class=\"elementor-widget-container\">\n\t\t\t\t\t<h1 class=\"elementor-heading-title elementor-size-default\">Fondo de Secuenciaci\u00f3n Gen\u00f3mica de SARS-CoV-2<\/h1>\t\t\t\t<\/div>\n\t\t\t\t<\/div>\n\t\t\t\t\t<\/div>\n\t\t<\/div>\n\t\t\t\t\t<\/div>\n\t\t<\/section>\n\t\t\t\t<section class=\"elementor-section elementor-top-section elementor-element elementor-element-fed098d elementor-section-boxed elementor-section-height-default elementor-section-height-default\" data-id=\"fed098d\" data-element_type=\"section\" data-e-type=\"section\" data-settings=\"{&quot;background_background&quot;:&quot;classic&quot;}\">\n\t\t\t\t\t\t<div class=\"elementor-container elementor-column-gap-default\">\n\t\t\t\t\t<div class=\"elementor-column elementor-col-50 elementor-top-column elementor-element elementor-element-552930e6\" data-id=\"552930e6\" data-element_type=\"column\" data-e-type=\"column\">\n\t\t\t<div class=\"elementor-widget-wrap elementor-element-populated\">\n\t\t\t\t\t\t<div class=\"elementor-element elementor-element-27134c45 elementor-widget elementor-widget-heading\" data-id=\"27134c45\" data-element_type=\"widget\" data-e-type=\"widget\" data-widget_type=\"heading.default\">\n\t\t\t\t<div class=\"elementor-widget-container\">\n\t\t\t\t\t<h2 class=\"elementor-heading-title elementor-size-default\">Descripci\u00f3n<\/h2>\t\t\t\t<\/div>\n\t\t\t\t<\/div>\n\t\t\t\t<div class=\"elementor-element elementor-element-4649473e elementor-widget elementor-widget-text-editor\" data-id=\"4649473e\" data-element_type=\"widget\" data-e-type=\"widget\" data-widget_type=\"text-editor.default\">\n\t\t\t\t<div class=\"elementor-widget-container\">\n\t\t\t\t\t\t\t\t\tLa amenaza que representan las nuevas variantes del SARS-CoV-2 podr\u00eda poner en riesgo los avances logrados en las campa\u00f1as globales de vacunaci\u00f3n.<br> Dada la creciente aparici\u00f3n de estas nuevas cepas y la urgente necesidad de monitorear en tiempo real la presencia de variantes emergentes, AHF ofrece este fondo con el prop\u00f3sito de impulsar la investigaci\u00f3n y generar una oportunidad \u00fanica para producir evidencia cient\u00edfica de alta calidad sobre las variantes del virus que actualmente se est\u00e1n propagando en el mundo.  \t\t\t\t\t\t\t\t<\/div>\n\t\t\t\t<\/div>\n\t\t\t\t\t<\/div>\n\t\t<\/div>\n\t\t\t\t<div class=\"elementor-column elementor-col-50 elementor-top-column elementor-element elementor-element-4b64516c\" data-id=\"4b64516c\" data-element_type=\"column\" data-e-type=\"column\">\n\t\t\t<div class=\"elementor-widget-wrap elementor-element-populated\">\n\t\t\t\t\t\t<div class=\"elementor-element elementor-element-cac0a3f elementor-widget elementor-widget-text-editor\" data-id=\"cac0a3f\" data-element_type=\"widget\" data-e-type=\"widget\" data-widget_type=\"text-editor.default\">\n\t\t\t\t<div class=\"elementor-widget-container\">\n\t\t\t\t\t\t\t\t\tA trav\u00e9s de esta subvenci\u00f3n, AHF busca ampliar las capacidades actuales de secuenciaci\u00f3n gen\u00f3mica a nivel nacional y regional, fortaleciendo la base de evidencia global en la lucha contra la pandemia de COVID-19.<br> Asimismo, se pretende reducir el tiempo de dep\u00f3sito de las muestras secuenciadas en la plataforma Global Initiative on Sharing All Influenza Data (GISAID), contribuyendo a una informaci\u00f3n oportuna para las pol\u00edticas de salud p\u00fablica destinadas a frenar la pandemia.<br> El fondo tambi\u00e9n busca promover la incidencia pol\u00edtica para resaltar la importancia de la secuenciaci\u00f3n gen\u00f3mica como una herramienta clave en la lucha contra esta y futuras pandemias.  \t\t\t\t\t\t\t\t<\/div>\n\t\t\t\t<\/div>\n\t\t\t\t\t<\/div>\n\t\t<\/div>\n\t\t\t\t\t<\/div>\n\t\t<\/section>\n\t\t\t\t<section class=\"elementor-section elementor-top-section elementor-element elementor-element-7e94b446 elementor-section-boxed elementor-section-height-default elementor-section-height-default\" data-id=\"7e94b446\" data-element_type=\"section\" data-e-type=\"section\" data-settings=\"{&quot;background_background&quot;:&quot;classic&quot;}\">\n\t\t\t\t\t\t<div class=\"elementor-container elementor-column-gap-default\">\n\t\t\t\t\t<div class=\"elementor-column elementor-col-100 elementor-top-column elementor-element elementor-element-1fc948dd\" data-id=\"1fc948dd\" data-element_type=\"column\" data-e-type=\"column\" data-settings=\"{&quot;background_background&quot;:&quot;classic&quot;}\">\n\t\t\t<div class=\"elementor-widget-wrap elementor-element-populated\">\n\t\t\t\t\t\t<div class=\"elementor-element elementor-element-77ae58ef elementor-widget elementor-widget-heading\" data-id=\"77ae58ef\" data-element_type=\"widget\" data-e-type=\"widget\" data-widget_type=\"heading.default\">\n\t\t\t\t<div class=\"elementor-widget-container\">\n\t\t\t\t\t<h2 class=\"elementor-heading-title elementor-size-default\">2021<\/h2>\t\t\t\t<\/div>\n\t\t\t\t<\/div>\n\t\t\t\t<div class=\"elementor-element elementor-element-312a350b elementor-widget elementor-widget-text-editor\" data-id=\"312a350b\" data-element_type=\"widget\" data-e-type=\"widget\" data-widget_type=\"text-editor.default\">\n\t\t\t\t<div class=\"elementor-widget-container\">\n\t\t\t\t\t\t\t\t\t<p>Durante 2021, AHF patrocin\u00f3 15 proyectos en 14 pa\u00edses diferentes:<\/p>\t\t\t\t\t\t\t\t<\/div>\n\t\t\t\t<\/div>\n\t\t\t\t\t<\/div>\n\t\t<\/div>\n\t\t\t\t\t<\/div>\n\t\t<\/section>\n\t\t\t\t<section class=\"elementor-section elementor-top-section elementor-element elementor-element-6d967df9 elementor-section-boxed elementor-section-height-default elementor-section-height-default\" data-id=\"6d967df9\" data-element_type=\"section\" data-e-type=\"section\" data-settings=\"{&quot;background_background&quot;:&quot;classic&quot;}\">\n\t\t\t\t\t\t<div class=\"elementor-container elementor-column-gap-default\">\n\t\t\t\t\t<div class=\"elementor-column elementor-col-100 elementor-top-column elementor-element elementor-element-11643ee1\" data-id=\"11643ee1\" data-element_type=\"column\" data-e-type=\"column\" data-settings=\"{&quot;background_background&quot;:&quot;classic&quot;}\">\n\t\t\t<div class=\"elementor-widget-wrap elementor-element-populated\">\n\t\t\t\t\t\t<div class=\"elementor-element elementor-element-62854bb2 elementor-widget elementor-widget-text-editor\" data-id=\"62854bb2\" data-element_type=\"widget\" data-e-type=\"widget\" data-widget_type=\"text-editor.default\">\n\t\t\t\t<div class=\"elementor-widget-container\">\n\t\t\t\t\t\t\t\t\t<table style=\"width: 100%; border-collapse: collapse;\">\n    <thead>\n        <tr style=\"background-color: #f2f2f2;\">\n            <th style=\"border: 1px solid #ddd; padding: 8px; text-align: left;\">Pa\u00eds<\/th>\n<th style=\"border: 1px solid #ddd; padding: 8px; text-align: left;\">Instituci\u00f3n<\/th>\n<th style=\"border: 1px solid #ddd; padding: 8px; text-align: left;\">Nombre del proyecto<\/th>\n        <\/tr>\n    <\/thead>\n    <tbody>\n        <tr>\n            <td style=\"border: 1px solid #ddd; padding: 8px;\">Argentina<\/td>\n<td style=\"border: 1px solid #ddd; padding: 8px;\">Instituto Nacional de Tecnolog\u00eda Agropecuaria<\/td>\n<td style=\"border: 1px solid #ddd; padding: 8px;\">Vigilancia gen\u00f3mica de variantes de SARS-CoV-2 en la provincia de Santa Fe<\/td>\n        <\/tr>\n        <tr>\n            <td style=\"border: 1px solid #ddd; padding: 8px;\">Brasil<\/td>\n<td style=\"border: 1px solid #ddd; padding: 8px;\">Fiocruz Amazonia<\/td>\n<td style=\"border: 1px solid #ddd; padding: 8px;\">Misi\u00f3n de investigaci\u00f3n AHF-FIOCRUZ \u2013 Identificaci\u00f3n gen\u00f3mica del SARS-CoV-2 en comunidades ribere\u00f1as de la cuenca del r\u00edo Amazonas<\/td>\n        <\/tr>\n        <tr>\n            <td style=\"border: 1px solid #ddd; padding: 8px;\">India<\/td>\n<td style=\"border: 1px solid #ddd; padding: 8px;\">CSIR-Institute of Genomics and Integrative Biology<\/td>\n<td style=\"border: 1px solid #ddd; padding: 8px;\">Vigilancia gen\u00f3mica de SARS-CoV-2 basada en MicroLabs para casos de infecci\u00f3n postvacunal en India<\/td>\n        <\/tr>\n        <tr>\n            <td style=\"border: 1px solid #ddd; padding: 8px;\">Jamaica<\/td>\n<td style=\"border: 1px solid #ddd; padding: 8px;\">Universidad de las Indias Occidentales, campus Mona<\/td>\n<td style=\"border: 1px solid #ddd; padding: 8px;\">Implementaci\u00f3n de la secuenciaci\u00f3n de COVID-19 en Jamaica<\/td>\n        <\/tr>\n        <tr>\n            <td style=\"border: 1px solid #ddd; padding: 8px;\">Kenia<\/td>\n<td style=\"border: 1px solid #ddd; padding: 8px;\">Instituto de Investigaci\u00f3n M\u00e9dica de Kenia<\/td>\n<td style=\"border: 1px solid #ddd; padding: 8px;\">Secuenciaci\u00f3n de variantes de SARS-CoV-2 en aguas residuales como alternativa accesible para monitorear la gen\u00e9tica de los brotes de COVID-19 en Kenia<\/td>\n        <\/tr>\n        <tr>\n            <td style=\"border: 1px solid #ddd; padding: 8px;\">M\u00e9xico<\/td>\n<td style=\"border: 1px solid #ddd; padding: 8px;\">Instituto de Biotecnolog\u00eda, Universidad Nacional Aut\u00f3noma de M\u00e9xico<\/td>\n<td style=\"border: 1px solid #ddd; padding: 8px;\">Vigilancia gen\u00f3mica de variantes de SARS-CoV-2 en M\u00e9xico<\/td>\n        <\/tr>\n        <tr>\n            <td style=\"border: 1px solid #ddd; padding: 8px;\">M\u00e9xico<\/td>\n<td style=\"border: 1px solid #ddd; padding: 8px;\">Instituto Nacional de Medicina Gen\u00f3mica<\/td>\n<td style=\"border: 1px solid #ddd; padding: 8px;\">An\u00e1lisis de secuencias completas del genoma de 500 muestras de SARS-CoV-2 mediante tecnolog\u00eda de nanoporo en pacientes de Ciudad de M\u00e9xico<\/td>\n        <\/tr>\n        <tr>\n            <td style=\"border: 1px solid #ddd; padding: 8px;\">Nigeria<\/td>\n<td style=\"border: 1px solid #ddd; padding: 8px;\">Instituto Nigeriano de Investigaci\u00f3n M\u00e9dica<\/td>\n<td style=\"border: 1px solid #ddd; padding: 8px;\">Epidemiolog\u00eda gen\u00f3mica de SARS-CoV-2 en viajeros internacionales en Nigeria (Estudio GESIT)<\/td>\n        <\/tr>\n        <tr>\n            <td style=\"border: 1px solid #ddd; padding: 8px;\">Pakist\u00e1n<\/td>\n<td style=\"border: 1px solid #ddd; padding: 8px;\">Unidad de Gesti\u00f3n Com\u00fan para Subvenciones de VIH, TB y Malaria, Islamabad<\/td>\n<td style=\"border: 1px solid #ddd; padding: 8px;\">Vigilancia gen\u00f3mica de variantes emergentes de SARS-CoV-2 en el Territorio Capital de Islamabad<\/td>\n        <\/tr>\n        <tr>\n            <td style=\"border: 1px solid #ddd; padding: 8px;\">Per\u00fa<\/td>\n<td style=\"border: 1px solid #ddd; padding: 8px;\">Instituto Nacional de Salud<\/td>\n<td style=\"border: 1px solid #ddd; padding: 8px;\">Detecci\u00f3n de variantes del virus SARS-CoV-2 relacionadas con la respuesta temprana al brote en Per\u00fa<\/td>\n        <\/tr>\n        <tr>\n            <td style=\"border: 1px solid #ddd; padding: 8px;\">Tailandia<\/td>\n<td style=\"border: 1px solid #ddd; padding: 8px;\">Universidad Mahidol<\/td>\n<td style=\"border: 1px solid #ddd; padding: 8px;\">Vigilancia de variantes de SARS-CoV-2 en Tailandia: estudio de cohorte prospectivo<\/td>\n        <\/tr>\n        <tr>\n            <td style=\"border: 1px solid #ddd; padding: 8px;\">Trinidad y Tobago<\/td>\n<td style=\"border: 1px solid #ddd; padding: 8px;\">Universidad de las Indias Occidentales, Trinidad y Tobago<\/td>\n<td style=\"border: 1px solid #ddd; padding: 8px;\">M\u00e1s all\u00e1 del impacto de la COVID-19: establecimiento de una capacidad sostenible de vigilancia gen\u00f3mica en Trinidad y Tobago<\/td>\n        <\/tr>\n        <tr>\n            <td style=\"border: 1px solid #ddd; padding: 8px;\">Uganda<\/td>\n<td style=\"border: 1px solid #ddd; padding: 8px;\">Centro de Investigaci\u00f3n Cl\u00ednica Conjunta<\/td>\n<td style=\"border: 1px solid #ddd; padding: 8px;\">\u00bfPodr\u00edan los pacientes africanos con VIH convertirse en un reservorio de mutantes de COVID-19?<\/td>\n        <\/tr>\n        <tr>\n            <td style=\"border: 1px solid #ddd; padding: 8px;\">Ucrania<\/td>\n<td style=\"border: 1px solid #ddd; padding: 8px;\">Instituto L.V. Gromashevskij de Epidemiolog\u00eda y Enfermedades Infecciosas<\/td>\n<td style=\"border: 1px solid #ddd; padding: 8px;\">Epidemiolog\u00eda gen\u00f3mica de SARS-CoV-2 en Kiev, Ucrania<\/td>\n        <\/tr>\n        <tr>\n            <td style=\"border: 1px solid #ddd; padding: 8px;\">Estados Unidos<\/td>\n<td style=\"border: 1px solid #ddd; padding: 8px;\">Universidad de Miami<\/td>\n<td style=\"border: 1px solid #ddd; padding: 8px;\">Identificaci\u00f3n de la epidemiolog\u00eda gen\u00f3mica de SARS-CoV-2 en Miami<\/td>\n        <\/tr>\n    <\/tbody>\n<\/table>\n\t\t\t\t\t\t\t\t<\/div>\n\t\t\t\t<\/div>\n\t\t\t\t\t<\/div>\n\t\t<\/div>\n\t\t\t\t\t<\/div>\n\t\t<\/section>\n\t\t\t\t<section class=\"elementor-section elementor-top-section elementor-element elementor-element-203ac857 elementor-section-boxed elementor-section-height-default elementor-section-height-default\" data-id=\"203ac857\" data-element_type=\"section\" data-e-type=\"section\" data-settings=\"{&quot;background_background&quot;:&quot;classic&quot;}\">\n\t\t\t\t\t\t<div class=\"elementor-container elementor-column-gap-default\">\n\t\t\t\t\t<div class=\"elementor-column elementor-col-100 elementor-top-column elementor-element elementor-element-617a5367\" data-id=\"617a5367\" data-element_type=\"column\" data-e-type=\"column\" data-settings=\"{&quot;background_background&quot;:&quot;classic&quot;}\">\n\t\t\t<div class=\"elementor-widget-wrap elementor-element-populated\">\n\t\t\t\t\t\t<div class=\"elementor-element elementor-element-363bd8a elementor-widget elementor-widget-heading\" data-id=\"363bd8a\" data-element_type=\"widget\" data-e-type=\"widget\" data-widget_type=\"heading.default\">\n\t\t\t\t<div class=\"elementor-widget-container\">\n\t\t\t\t\t<h2 class=\"elementor-heading-title elementor-size-default\">2022<\/h2>\t\t\t\t<\/div>\n\t\t\t\t<\/div>\n\t\t\t\t<div class=\"elementor-element elementor-element-13682139 elementor-widget elementor-widget-text-editor\" data-id=\"13682139\" data-element_type=\"widget\" data-e-type=\"widget\" data-widget_type=\"text-editor.default\">\n\t\t\t\t<div class=\"elementor-widget-container\">\n\t\t\t\t\t\t\t\t\t<p>Durante 2022, AHF patrocin\u00f3 3 proyectos en 3 pa\u00edses diferentes:<\/p>\t\t\t\t\t\t\t\t<\/div>\n\t\t\t\t<\/div>\n\t\t\t\t\t<\/div>\n\t\t<\/div>\n\t\t\t\t\t<\/div>\n\t\t<\/section>\n\t\t\t\t<section class=\"elementor-section elementor-top-section elementor-element elementor-element-27e21efe elementor-section-boxed elementor-section-height-default elementor-section-height-default\" data-id=\"27e21efe\" data-element_type=\"section\" data-e-type=\"section\" data-settings=\"{&quot;background_background&quot;:&quot;classic&quot;}\">\n\t\t\t\t\t\t<div class=\"elementor-container elementor-column-gap-default\">\n\t\t\t\t\t<div class=\"elementor-column elementor-col-100 elementor-top-column elementor-element elementor-element-31a2850a\" data-id=\"31a2850a\" data-element_type=\"column\" data-e-type=\"column\" data-settings=\"{&quot;background_background&quot;:&quot;classic&quot;}\">\n\t\t\t<div class=\"elementor-widget-wrap elementor-element-populated\">\n\t\t\t\t\t\t<div class=\"elementor-element elementor-element-27609ac3 elementor-widget elementor-widget-text-editor\" data-id=\"27609ac3\" data-element_type=\"widget\" data-e-type=\"widget\" data-widget_type=\"text-editor.default\">\n\t\t\t\t<div class=\"elementor-widget-container\">\n\t\t\t\t\t\t\t\t\t<table style=\"width: 100%; border-collapse: collapse;\">\n<thead>\n<tr style=\"background-color: #f2f2f2;\">\n<th style=\"border: 1px solid #ddd; padding: 8px; text-align: left;\">Pa\u00eds<\/th>\n<th style=\"border: 1px solid #ddd; padding: 8px; text-align: left;\">Instituci\u00f3n<\/th>\n<th style=\"border: 1px solid #ddd; padding: 8px; text-align: left;\">Nombre del proyecto<\/th>\n<\/tr>\n<\/thead>\n<tbody>\n<tr>\n<td style=\"border: 1px solid #ddd; padding: 8px;\">M\u00e9xico<\/td>\n<td style=\"border: 1px solid #ddd; padding: 8px;\">Instituto de Biotecnolog\u00eda, Universidad Nacional Aut\u00f3noma de M\u00e9xico<\/td>\n<td style=\"border: 1px solid #ddd; padding: 8px;\">An\u00e1lisis de posibles variantes recombinantes de SARS-CoV-2 circulantes en M\u00e9xico<\/td>\n<\/tr>\n<tr>\n<td style=\"border: 1px solid #ddd; padding: 8px;\">Pakist\u00e1n<\/td>\n<td style=\"border: 1px solid #ddd; padding: 8px;\">Instituto Nacional de Salud<\/td>\n<td style=\"border: 1px solid #ddd; padding: 8px;\">Caracterizaci\u00f3n gen\u00f3mica de SARS-CoV-2 y otros virus respiratorios en la poblaci\u00f3n de Pakist\u00e1n<\/td>\n<\/tr>\n<tr>\n<td style=\"border: 1px solid #ddd; padding: 8px;\">Trinidad y Tobago<\/td>\n<td style=\"border: 1px solid #ddd; padding: 8px;\">Universidad de las Indias Occidentales, Trinidad y Tobago<\/td>\n<td style=\"border: 1px solid #ddd; padding: 8px;\">Continuidad de la secuenciaci\u00f3n gen\u00f3mica de SARS-CoV-2 para la vigilancia de variantes en Trinidad y Tobago<\/td>\n<\/tr>\n<\/tbody>\n<\/table> \t\t\t\t\t\t\t\t<\/div>\n\t\t\t\t<\/div>\n\t\t\t\t\t<\/div>\n\t\t<\/div>\n\t\t\t\t\t<\/div>\n\t\t<\/section>\n\t\t\t\t<section class=\"elementor-section elementor-top-section elementor-element elementor-element-75fb247 elementor-section-boxed elementor-section-height-default elementor-section-height-default\" data-id=\"75fb247\" data-element_type=\"section\" data-e-type=\"section\" data-settings=\"{&quot;background_background&quot;:&quot;classic&quot;}\">\n\t\t\t\t\t\t<div class=\"elementor-container elementor-column-gap-default\">\n\t\t\t\t\t<div class=\"elementor-column elementor-col-100 elementor-top-column elementor-element elementor-element-d41207f\" data-id=\"d41207f\" data-element_type=\"column\" data-e-type=\"column\">\n\t\t\t<div class=\"elementor-widget-wrap elementor-element-populated\">\n\t\t\t\t\t\t<div class=\"elementor-element elementor-element-4b6a328 elementor-widget elementor-widget-image\" data-id=\"4b6a328\" data-element_type=\"widget\" data-e-type=\"widget\" data-widget_type=\"image.default\">\n\t\t\t\t<div class=\"elementor-widget-container\">\n\t\t\t\t\t\t\t\t\t\t\t\t\t\t\t<img fetchpriority=\"high\" decoding=\"async\" width=\"1080\" height=\"800\" src=\"https:\/\/ahfinstitute.org\/wp-content\/uploads\/2023\/08\/mapainstituto21-22.png\" class=\"attachment-full size-full wp-image-1332\" alt=\"\" srcset=\"https:\/\/ahfinstitute.org\/wp-content\/uploads\/2023\/08\/mapainstituto21-22.png 1080w, https:\/\/ahfinstitute.org\/wp-content\/uploads\/2023\/08\/mapainstituto21-22-300x222.png 300w, https:\/\/ahfinstitute.org\/wp-content\/uploads\/2023\/08\/mapainstituto21-22-1024x759.png 1024w, https:\/\/ahfinstitute.org\/wp-content\/uploads\/2023\/08\/mapainstituto21-22-768x569.png 768w\" sizes=\"(max-width: 1080px) 100vw, 1080px\" \/>\t\t\t\t\t\t\t\t\t\t\t\t\t\t\t<\/div>\n\t\t\t\t<\/div>\n\t\t\t\t<div class=\"elementor-element elementor-element-4e675a8 elementor-widget elementor-widget-text-editor\" data-id=\"4e675a8\" data-element_type=\"widget\" data-e-type=\"widget\" data-widget_type=\"text-editor.default\">\n\t\t\t\t<div class=\"elementor-widget-container\">\n\t\t\t\t\t\t\t\t\tLos marcadores rojos representan los proyectos financiados en 2021, mientras que los azules corresponden a los proyectos de 2022. \t\t\t\t\t\t\t\t<\/div>\n\t\t\t\t<\/div>\n\t\t\t\t\t<\/div>\n\t\t<\/div>\n\t\t\t\t\t<\/div>\n\t\t<\/section>\n\t\t\t\t<\/div>\n\t\t","protected":false},"excerpt":{"rendered":"<p>Fondo de Secuenciaci\u00f3n Gen\u00f3mica de SARS-CoV-2 Descripci\u00f3n La amenaza que representan las nuevas variantes del SARS-CoV-2 podr\u00eda poner en riesgo los avances logrados en las campa\u00f1as globales de vacunaci\u00f3n. Dada la creciente aparici\u00f3n de estas nuevas cepas y la urgente necesidad de monitorear en tiempo real la presencia de variantes emergentes, AHF ofrece este fondo [&hellip;]<\/p>\n","protected":false},"author":3,"featured_media":0,"parent":0,"menu_order":0,"comment_status":"closed","ping_status":"closed","template":"","meta":{"footnotes":""},"class_list":["post-1333","page","type-page","status-publish","hentry"],"aioseo_notices":[],"_links":{"self":[{"href":"https:\/\/ahfinstitute.org\/es\/wp-json\/wp\/v2\/pages\/1333","targetHints":{"allow":["GET"]}}],"collection":[{"href":"https:\/\/ahfinstitute.org\/es\/wp-json\/wp\/v2\/pages"}],"about":[{"href":"https:\/\/ahfinstitute.org\/es\/wp-json\/wp\/v2\/types\/page"}],"author":[{"embeddable":true,"href":"https:\/\/ahfinstitute.org\/es\/wp-json\/wp\/v2\/users\/3"}],"replies":[{"embeddable":true,"href":"https:\/\/ahfinstitute.org\/es\/wp-json\/wp\/v2\/comments?post=1333"}],"version-history":[{"count":0,"href":"https:\/\/ahfinstitute.org\/es\/wp-json\/wp\/v2\/pages\/1333\/revisions"}],"wp:attachment":[{"href":"https:\/\/ahfinstitute.org\/es\/wp-json\/wp\/v2\/media?parent=1333"}],"curies":[{"name":"wp","href":"https:\/\/api.w.org\/{rel}","templated":true}]}}